{"id":123,"date":"2021-08-23T15:39:20","date_gmt":"2021-08-23T15:39:20","guid":{"rendered":"https:\/\/www.toropainenoy.fi\/?page_id=123"},"modified":"2023-01-13T08:31:33","modified_gmt":"2023-01-13T08:31:33","slug":"tyopaikat","status":"publish","type":"page","link":"https:\/\/www.toropainenoy.fi\/index.php\/tyopaikat\/","title":{"rendered":"Ty\u00f6paikat"},"content":{"rendered":"\n<p>V\u00e4lilll\u00e4 meill\u00e4 on mahdollisuus palkata uusia ty\u00f6ntekij\u00f6it\u00e4 kasvavaan porukkaamme. Harvesteri- tai ajokoneammattilainen ota rohkeasti yhteytt\u00e4.<\/p>\n\n\n\n<p><\/p>\n\n\n\n<p>Soita 0503044595\/Timo tai laita s\u00e4hk\u00f6postia toropainenoy@gmail.com.<\/p>\n","protected":false},"excerpt":{"rendered":"<p>V\u00e4lilll\u00e4 meill\u00e4 on mahdollisuus palkata uusia ty\u00f6ntekij\u00f6it\u00e4 kasvavaan porukkaamme. Harvesteri- tai ajokoneammattilainen ota rohkeasti yhteytt\u00e4. Soita 0503044595\/Timo tai laita s\u00e4hk\u00f6postia toropainenoy@gmail.com.<\/p>\n","protected":false},"author":1,"featured_media":0,"parent":0,"menu_order":0,"comment_status":"closed","ping_status":"closed","template":"","meta":{"footnotes":""},"_links":{"self":[{"href":"https:\/\/www.toropainenoy.fi\/index.php\/wp-json\/wp\/v2\/pages\/123"}],"collection":[{"href":"https:\/\/www.toropainenoy.fi\/index.php\/wp-json\/wp\/v2\/pages"}],"about":[{"href":"https:\/\/www.toropainenoy.fi\/index.php\/wp-json\/wp\/v2\/types\/page"}],"author":[{"embeddable":true,"href":"https:\/\/www.toropainenoy.fi\/index.php\/wp-json\/wp\/v2\/users\/1"}],"replies":[{"embeddable":true,"href":"https:\/\/www.toropainenoy.fi\/index.php\/wp-json\/wp\/v2\/comments?post=123"}],"version-history":[{"count":7,"href":"https:\/\/www.toropainenoy.fi\/index.php\/wp-json\/wp\/v2\/pages\/123\/revisions"}],"predecessor-version":[{"id":151,"href":"https:\/\/www.toropainenoy.fi\/index.php\/wp-json\/wp\/v2\/pages\/123\/revisions\/151"}],"wp:attachment":[{"href":"https:\/\/www.toropainenoy.fi\/index.php\/wp-json\/wp\/v2\/media?parent=123"}],"curies":[{"name":"wp","href":"https:\/\/api.w.org\/{rel}","templated":true}]}}