{"id":2,"date":"2019-06-05T11:39:57","date_gmt":"2019-06-05T11:39:57","guid":{"rendered":"http:\/\/www.toropainenoy.fi\/?page_id=2"},"modified":"2022-12-22T08:13:17","modified_gmt":"2022-12-22T08:13:17","slug":"sample-page","status":"publish","type":"page","link":"https:\/\/www.toropainenoy.fi\/","title":{"rendered":"Puunkorjuupalveluita Pohjois-Karjalassa"},"content":{"rendered":"\n<p>Toropainen Oy Mets\u00e4koneurakointi on kiteel\u00e4inen puunkorjuuyritys. Tarjoamme palveluitamme sopimusurakointina puunhankintayhti\u00f6ille. Olemme osakkaana T\u00e4htiMets\u00e4 Oy:ss\u00e4, jonka kautta urakoimme Stora Enson ty\u00f6mailla Keski-Karjalan alueella. <\/p>\n\n\n\n<figure class=\"wp-block-image size-large\"><img loading=\"lazy\" decoding=\"async\" width=\"1024\" height=\"768\" src=\"https:\/\/www.toropainenoy.fi\/wp-content\/uploads\/2020\/12\/IMG_20201001_084730-1024x768.jpg\" alt=\"\" class=\"wp-image-99\" srcset=\"https:\/\/www.toropainenoy.fi\/wp-content\/uploads\/2020\/12\/IMG_20201001_084730-1024x768.jpg 1024w, https:\/\/www.toropainenoy.fi\/wp-content\/uploads\/2020\/12\/IMG_20201001_084730-300x225.jpg 300w, https:\/\/www.toropainenoy.fi\/wp-content\/uploads\/2020\/12\/IMG_20201001_084730-768x576.jpg 768w, https:\/\/www.toropainenoy.fi\/wp-content\/uploads\/2020\/12\/IMG_20201001_084730-1536x1152.jpg 1536w, https:\/\/www.toropainenoy.fi\/wp-content\/uploads\/2020\/12\/IMG_20201001_084730-2048x1536.jpg 2048w\" sizes=\"(max-width: 1024px) 100vw, 1024px\" \/><\/figure>\n","protected":false},"excerpt":{"rendered":"<p>Toropainen Oy Mets\u00e4koneurakointi on kiteel\u00e4inen puunkorjuuyritys. Tarjoamme palveluitamme sopimusurakointina puunhankintayhti\u00f6ille. Olemme osakkaana T\u00e4htiMets\u00e4 Oy:ss\u00e4, jonka kautta urakoimme Stora Enson ty\u00f6mailla Keski-Karjalan alueella.<\/p>\n","protected":false},"author":1,"featured_media":0,"parent":0,"menu_order":0,"comment_status":"closed","ping_status":"open","template":"","meta":{"footnotes":""},"_links":{"self":[{"href":"https:\/\/www.toropainenoy.fi\/index.php\/wp-json\/wp\/v2\/pages\/2"}],"collection":[{"href":"https:\/\/www.toropainenoy.fi\/index.php\/wp-json\/wp\/v2\/pages"}],"about":[{"href":"https:\/\/www.toropainenoy.fi\/index.php\/wp-json\/wp\/v2\/types\/page"}],"author":[{"embeddable":true,"href":"https:\/\/www.toropainenoy.fi\/index.php\/wp-json\/wp\/v2\/users\/1"}],"replies":[{"embeddable":true,"href":"https:\/\/www.toropainenoy.fi\/index.php\/wp-json\/wp\/v2\/comments?post=2"}],"version-history":[{"count":12,"href":"https:\/\/www.toropainenoy.fi\/index.php\/wp-json\/wp\/v2\/pages\/2\/revisions"}],"predecessor-version":[{"id":144,"href":"https:\/\/www.toropainenoy.fi\/index.php\/wp-json\/wp\/v2\/pages\/2\/revisions\/144"}],"wp:attachment":[{"href":"https:\/\/www.toropainenoy.fi\/index.php\/wp-json\/wp\/v2\/media?parent=2"}],"curies":[{"name":"wp","href":"https:\/\/api.w.org\/{rel}","templated":true}]}}