{"id":21,"date":"2020-04-14T18:15:44","date_gmt":"2020-04-14T18:15:44","guid":{"rendered":"http:\/\/www.toropainenoy.fi\/?page_id=21"},"modified":"2023-06-08T19:03:08","modified_gmt":"2023-06-08T19:03:08","slug":"yhteystiedot","status":"publish","type":"page","link":"https:\/\/www.toropainenoy.fi\/index.php\/yhteystiedot\/","title":{"rendered":"Yhteystiedot"},"content":{"rendered":"\n<p><strong>Puhelimella meid\u00e4t tavoitat: <\/strong><\/p>\n\n\n\n<p>Timo Toropainen 050 3044595<\/p>\n\n\n\n<p><strong>S\u00e4hk\u00f6postilla:<\/strong><\/p>\n\n\n\n<p>toropainenoy[@]gmail.com<\/p>\n\n\n\n<p><strong>Postitusosoite<\/strong><\/p>\n\n\n\n<p>Kunonniementie 12 b 82500 Kitee<\/p>\n\n\n\n<p><strong>Toimitusosoite<\/strong><\/p>\n\n\n\n<p>Mets\u00e4pirtintie 1 b 82500 Kitee<\/p>\n\n\n\n<p><strong>Laskutus<\/strong><\/p>\n\n\n\n<p>Verkkolaskun v\u00e4litt\u00e4j\u00e4: Apix<\/p>\n\n\n\n<p>Verkkolaskuosoite: 003705482766<\/p>\n\n\n\n<p>OVT-tunnus: 003705482766<\/p>\n\n\n\n<p><\/p>\n\n\n\n<figure class=\"wp-block-image size-large\"><img loading=\"lazy\" decoding=\"async\" width=\"1024\" height=\"768\" src=\"https:\/\/www.toropainenoy.fi\/wp-content\/uploads\/2023\/06\/1-1024x768.jpg\" alt=\"\" class=\"wp-image-155\" srcset=\"https:\/\/www.toropainenoy.fi\/wp-content\/uploads\/2023\/06\/1-1024x768.jpg 1024w, https:\/\/www.toropainenoy.fi\/wp-content\/uploads\/2023\/06\/1-300x225.jpg 300w, https:\/\/www.toropainenoy.fi\/wp-content\/uploads\/2023\/06\/1-768x576.jpg 768w, https:\/\/www.toropainenoy.fi\/wp-content\/uploads\/2023\/06\/1-1536x1152.jpg 1536w, https:\/\/www.toropainenoy.fi\/wp-content\/uploads\/2023\/06\/1-2048x1536.jpg 2048w\" sizes=\"(max-width: 1024px) 100vw, 1024px\" \/><\/figure>\n\n\n\n<figure class=\"wp-block-gallery has-nested-images columns-default is-cropped wp-block-gallery-1 is-layout-flex wp-block-gallery-is-layout-flex\">\n<figure class=\"wp-block-image size-large\"><img loading=\"lazy\" decoding=\"async\" width=\"1024\" height=\"768\" data-id=\"157\" src=\"https:\/\/www.toropainenoy.fi\/wp-content\/uploads\/2023\/06\/3-1024x768.jpg\" alt=\"\" class=\"wp-image-157\" srcset=\"https:\/\/www.toropainenoy.fi\/wp-content\/uploads\/2023\/06\/3-1024x768.jpg 1024w, https:\/\/www.toropainenoy.fi\/wp-content\/uploads\/2023\/06\/3-300x225.jpg 300w, https:\/\/www.toropainenoy.fi\/wp-content\/uploads\/2023\/06\/3-768x576.jpg 768w, https:\/\/www.toropainenoy.fi\/wp-content\/uploads\/2023\/06\/3-1536x1152.jpg 1536w, https:\/\/www.toropainenoy.fi\/wp-content\/uploads\/2023\/06\/3-2048x1536.jpg 2048w\" sizes=\"(max-width: 1024px) 100vw, 1024px\" \/><\/figure>\n\n\n\n<figure class=\"wp-block-image size-large\"><img loading=\"lazy\" decoding=\"async\" width=\"768\" height=\"1024\" data-id=\"101\" src=\"https:\/\/www.toropainenoy.fi\/wp-content\/uploads\/2020\/12\/IMG_20201110_100028_01-768x1024.jpg\" alt=\"\" class=\"wp-image-101\" srcset=\"https:\/\/www.toropainenoy.fi\/wp-content\/uploads\/2020\/12\/IMG_20201110_100028_01-768x1024.jpg 768w, https:\/\/www.toropainenoy.fi\/wp-content\/uploads\/2020\/12\/IMG_20201110_100028_01-225x300.jpg 225w, https:\/\/www.toropainenoy.fi\/wp-content\/uploads\/2020\/12\/IMG_20201110_100028_01-1152x1536.jpg 1152w, https:\/\/www.toropainenoy.fi\/wp-content\/uploads\/2020\/12\/IMG_20201110_100028_01-1536x2048.jpg 1536w, https:\/\/www.toropainenoy.fi\/wp-content\/uploads\/2020\/12\/IMG_20201110_100028_01-scaled.jpg 1920w\" sizes=\"(max-width: 768px) 100vw, 768px\" \/><\/figure>\n<\/figure>\n","protected":false},"excerpt":{"rendered":"<p>Puhelimella meid\u00e4t tavoitat: Timo Toropainen 050 3044595 S\u00e4hk\u00f6postilla: toropainenoy[@]gmail.com Postitusosoite Kunonniementie 12 b 82500 Kitee Toimitusosoite Mets\u00e4pirtintie 1 b 82500 Kitee Laskutus Verkkolaskun v\u00e4litt\u00e4j\u00e4: Apix Verkkolaskuosoite: 003705482766 OVT-tunnus: 003705482766<\/p>\n","protected":false},"author":1,"featured_media":0,"parent":0,"menu_order":0,"comment_status":"closed","ping_status":"closed","template":"","meta":{"footnotes":""},"_links":{"self":[{"href":"https:\/\/www.toropainenoy.fi\/index.php\/wp-json\/wp\/v2\/pages\/21"}],"collection":[{"href":"https:\/\/www.toropainenoy.fi\/index.php\/wp-json\/wp\/v2\/pages"}],"about":[{"href":"https:\/\/www.toropainenoy.fi\/index.php\/wp-json\/wp\/v2\/types\/page"}],"author":[{"embeddable":true,"href":"https:\/\/www.toropainenoy.fi\/index.php\/wp-json\/wp\/v2\/users\/1"}],"replies":[{"embeddable":true,"href":"https:\/\/www.toropainenoy.fi\/index.php\/wp-json\/wp\/v2\/comments?post=21"}],"version-history":[{"count":18,"href":"https:\/\/www.toropainenoy.fi\/index.php\/wp-json\/wp\/v2\/pages\/21\/revisions"}],"predecessor-version":[{"id":158,"href":"https:\/\/www.toropainenoy.fi\/index.php\/wp-json\/wp\/v2\/pages\/21\/revisions\/158"}],"wp:attachment":[{"href":"https:\/\/www.toropainenoy.fi\/index.php\/wp-json\/wp\/v2\/media?parent=21"}],"curies":[{"name":"wp","href":"https:\/\/api.w.org\/{rel}","templated":true}]}}